{"id":5625,"date":"2022-05-04T10:45:20","date_gmt":"2022-05-04T08:45:20","guid":{"rendered":"https:\/\/gardalaser.it\/prodotto\/occhiali-per-laser-450nm\/"},"modified":"2024-09-26T14:43:36","modified_gmt":"2024-09-26T12:43:36","slug":"gafas-para-laser-de-450-nm","status":"publish","type":"product","link":"https:\/\/gardalaser.it\/es\/producto\/gafas-para-laser-de-450-nm\/","title":{"rendered":"Gafas para l\u00e1ser de 450nm"},"content":{"rendered":"<p><strong>Informaci\u00f3n sobre el producto<\/strong><\/p>\n<ul>\n<li>Aplicaci\u00f3n: Excimer (193 nm), UV (248 nm), Nd:YAG 3x (355 nm), Nd:YAG 4x (266 nm), Diodo (450 nm), L\u00e1ser de luz azul (450 &#8211; 480 nm)<\/li>\n<li>VLT (transmisi\u00f3n de luz visible): 76%.<\/li>\n<li>Color del filtro: amarillo<\/li>\n<li>Material del filtro: pol\u00edmero<\/li>\n<li>Grosor del filtro: 2,0 mm<\/li>\n<li>Color de la montura: blanco\/negro<\/li>\n<\/ul>\n<p><strong>Montura para gafas ONTOR:<\/strong><\/p>\n<ul>\n<li>gafas deportivas<\/li>\n<li>campo de visi\u00f3n muy amplio<\/li>\n<li>ajuste individual de la longitud y el \u00e1ngulo de las patillas<\/li>\n<li>comodidad perfecta gracias a la espuma facial de goma<\/li>\n<\/ul>\n<p>&nbsp;<\/p>\n<table>\n<tbody>\n<tr>\n<td><strong>Longitudes de onda<\/strong><\/td>\n<td><strong>Niveles de protecci\u00f3n<\/strong><\/td>\n<\/tr>\n<tr>\n<td>180-315<\/td>\n<td>D LB10 + IR LB5 + M LB6Y (OD10+)<\/td>\n<\/tr>\n<tr>\n<td><strong>&gt;315-465<\/strong><\/td>\n<td><strong>D LB6 + I LB7 + R LB8 + M LB7Y (OD8+)<\/strong><\/td>\n<\/tr>\n<tr>\n<td><strong>&gt;465-470<\/strong><\/td>\n<td><strong>D LB6 + IR LB7 + M LB7Y (OD7+)<\/strong><\/td>\n<\/tr>\n<tr>\n<td><strong>&gt;470-475<\/strong><\/td>\n<td><strong>DIRM LB5 (OD5+)<\/strong><\/td>\n<\/tr>\n<tr>\n<td>&gt;475-480<\/td>\n<td>DIRM LB4 (OD4+)<\/td>\n<\/tr>\n<tr>\n<td>&gt;480-485<\/td>\n<td>DIRM LB3 (OD3+)<\/td>\n<\/tr>\n<tr>\n<td>&gt;485-490<\/td>\n<td>DIRM LB2 (OD2+)<\/td>\n<\/tr>\n<tr>\n<td>&gt;490-498<\/td>\n<td>DIRM LB1 (OD1+)<\/td>\n<\/tr>\n<tr>\n<td><\/td>\n<td>PFCE<\/td>\n<\/tr>\n<\/tbody>\n<\/table>\n","protected":false},"excerpt":{"rendered":"<p>ONTOR es una <strong>gafa de seguridad l\u00e1ser ligera <\/strong>fabricada con pol\u00edmeros especiales, como soluci\u00f3n perfecta para llevar sobre gafas graduadas. Esta montura ofrece un amplio campo de visi\u00f3n y protecci\u00f3n contra impactos laterales. Las patillas pueden ajustarse individualmente y una espuma facial suave y bien sellada mejora la comodidad.<\/p>\n<p>El <strong>filtro de seguridad l\u00e1ser 0368 <\/strong>es adecuado principalmente para <strong>l\u00e1seres<\/strong> <strong>excimer<\/strong>potentes <strong>, UV, Nd:YAG arm\u00f3nicos (4x, 3x)<\/strong>y <strong>diodos, pero el filtro tambi\u00e9n cubre otras longitudes de onda l\u00e1ser.<\/strong> El filtro de seguridad l\u00e1ser est\u00e1 fabricado con un pl\u00e1stico especial de color amarillo y ofrece una transmisi\u00f3n visual de la luz (VLT) del 76% y un grosor de filtro reducido. El filtro de seguridad l\u00e1ser <strong>cuenta con la certificaci\u00f3n CE<\/strong> conforme a los requisitos de la <strong>norma EN 207<\/strong>.<\/p>\n<p><a href=\"https:\/\/gardalaser.it\/wp-content\/uploads\/2024\/03\/000-k0368-onto-54-laser-safety-eyewear-ontor-filter-0368-frame-color-black-white-suitable-also-for-spectacles-wearer-.pdf\"><strong>Hoja de datos en PDF<\/strong><\/a><\/p>\n<p>&nbsp;<\/p>\n","protected":false},"featured_media":5626,"template":"","meta":{"_acf_changed":false},"product_brand":[],"product_cat":[281],"product_tag":[],"class_list":{"0":"post-5625","1":"product","2":"type-product","3":"status-publish","4":"has-post-thumbnail","6":"tassonomia-enea-duo-es","7":"tassonomia-enea-trio-es","8":"tassonomia-ermes-es","9":"tassonomia-fisioterapia","10":"tassonomia-ginecologia","11":"tassonomia-higiene-dental","12":"tassonomia-odontologia","13":"tassonomia-otorrinolaringologia","14":"tassonomia-podologia","15":"tassonomia-veterinario","16":"product_cat-gafas-de-proteccion","18":"first","19":"instock","20":"taxable","21":"shipping-taxable","22":"purchasable","23":"product-type-simple"},"acf":[],"_links":{"self":[{"href":"https:\/\/gardalaser.it\/es\/wp-json\/wp\/v2\/product\/5625","targetHints":{"allow":["GET"]}}],"collection":[{"href":"https:\/\/gardalaser.it\/es\/wp-json\/wp\/v2\/product"}],"about":[{"href":"https:\/\/gardalaser.it\/es\/wp-json\/wp\/v2\/types\/product"}],"wp:featuredmedia":[{"embeddable":true,"href":"https:\/\/gardalaser.it\/es\/wp-json\/wp\/v2\/media\/5626"}],"wp:attachment":[{"href":"https:\/\/gardalaser.it\/es\/wp-json\/wp\/v2\/media?parent=5625"}],"wp:term":[{"taxonomy":"product_brand","embeddable":true,"href":"https:\/\/gardalaser.it\/es\/wp-json\/wp\/v2\/product_brand?post=5625"},{"taxonomy":"product_cat","embeddable":true,"href":"https:\/\/gardalaser.it\/es\/wp-json\/wp\/v2\/product_cat?post=5625"},{"taxonomy":"product_tag","embeddable":true,"href":"https:\/\/gardalaser.it\/es\/wp-json\/wp\/v2\/product_tag?post=5625"}],"curies":[{"name":"wp","href":"https:\/\/api.w.org\/{rel}","templated":true}]}}