{"id":5622,"date":"2022-04-21T17:03:18","date_gmt":"2022-04-21T15:03:18","guid":{"rendered":"https:\/\/gardalaser.it\/prodotto\/caricabatterie-dispositivo\/"},"modified":"2024-09-25T13:43:32","modified_gmt":"2024-09-25T11:43:32","slug":"cargador-de-dispositivos","status":"publish","type":"product","link":"https:\/\/gardalaser.it\/es\/producto\/cargador-de-dispositivos\/","title":{"rendered":"Cargador de dispositivos"},"content":{"rendered":"<ul>\n<li>60W (15V 4 A)<\/li>\n<li>90W (15V 6 A)<\/li>\n<\/ul>\n","protected":false},"excerpt":{"rendered":"<p>Fuente de alimentaci\u00f3n m\u00e9dica certificada utilizada para cargar la bater\u00eda interna del dispositivo l\u00e1ser.<\/p>\n","protected":false},"featured_media":2125,"template":"","meta":{"_acf_changed":false},"product_brand":[],"product_cat":[272],"product_tag":[],"class_list":{"0":"post-5622","1":"product","2":"type-product","3":"status-publish","4":"has-post-thumbnail","6":"tassonomia-enea-es","7":"tassonomia-enea-duo-es","8":"tassonomia-ermes-es","9":"tassonomia-l-e-o-plus-es","10":"tassonomia-zaira-es","11":"product_cat-mas","13":"first","14":"instock","15":"taxable","16":"shipping-taxable","17":"purchasable","18":"product-type-variable"},"acf":[],"_links":{"self":[{"href":"https:\/\/gardalaser.it\/es\/wp-json\/wp\/v2\/product\/5622","targetHints":{"allow":["GET"]}}],"collection":[{"href":"https:\/\/gardalaser.it\/es\/wp-json\/wp\/v2\/product"}],"about":[{"href":"https:\/\/gardalaser.it\/es\/wp-json\/wp\/v2\/types\/product"}],"wp:featuredmedia":[{"embeddable":true,"href":"https:\/\/gardalaser.it\/es\/wp-json\/wp\/v2\/media\/2125"}],"wp:attachment":[{"href":"https:\/\/gardalaser.it\/es\/wp-json\/wp\/v2\/media?parent=5622"}],"wp:term":[{"taxonomy":"product_brand","embeddable":true,"href":"https:\/\/gardalaser.it\/es\/wp-json\/wp\/v2\/product_brand?post=5622"},{"taxonomy":"product_cat","embeddable":true,"href":"https:\/\/gardalaser.it\/es\/wp-json\/wp\/v2\/product_cat?post=5622"},{"taxonomy":"product_tag","embeddable":true,"href":"https:\/\/gardalaser.it\/es\/wp-json\/wp\/v2\/product_tag?post=5622"}],"curies":[{"name":"wp","href":"https:\/\/api.w.org\/{rel}","templated":true}]}}