{"id":5614,"date":"2022-04-21T17:05:58","date_gmt":"2022-04-21T15:05:58","guid":{"rendered":"https:\/\/gardalaser.it\/prodotto\/caricabatterie-pedale-wireless\/"},"modified":"2024-09-25T13:35:57","modified_gmt":"2024-09-25T11:35:57","slug":"cargador-de-pedales-wireless","status":"publish","type":"product","link":"https:\/\/gardalaser.it\/es\/producto\/cargador-de-pedales-wireless\/","title":{"rendered":"Cargador de pedales Wireless"},"content":{"rendered":"<ul>\n<li>5W (5V 1 A)<\/li>\n<\/ul>\n","protected":false},"excerpt":{"rendered":"<p>Fuente de alimentaci\u00f3n m\u00e9dica certificada utilizada para cargar la bater\u00eda interna del pedal.<\/p>\n","protected":false},"featured_media":2131,"template":"","meta":{"_acf_changed":false},"product_brand":[],"product_cat":[272],"product_tag":[],"class_list":{"0":"post-5614","1":"product","2":"type-product","3":"status-publish","4":"has-post-thumbnail","6":"tassonomia-l-e-o-plus-es","7":"product_cat-mas","9":"first","10":"instock","11":"taxable","12":"shipping-taxable","13":"purchasable","14":"product-type-simple"},"acf":[],"_links":{"self":[{"href":"https:\/\/gardalaser.it\/es\/wp-json\/wp\/v2\/product\/5614","targetHints":{"allow":["GET"]}}],"collection":[{"href":"https:\/\/gardalaser.it\/es\/wp-json\/wp\/v2\/product"}],"about":[{"href":"https:\/\/gardalaser.it\/es\/wp-json\/wp\/v2\/types\/product"}],"wp:featuredmedia":[{"embeddable":true,"href":"https:\/\/gardalaser.it\/es\/wp-json\/wp\/v2\/media\/2131"}],"wp:attachment":[{"href":"https:\/\/gardalaser.it\/es\/wp-json\/wp\/v2\/media?parent=5614"}],"wp:term":[{"taxonomy":"product_brand","embeddable":true,"href":"https:\/\/gardalaser.it\/es\/wp-json\/wp\/v2\/product_brand?post=5614"},{"taxonomy":"product_cat","embeddable":true,"href":"https:\/\/gardalaser.it\/es\/wp-json\/wp\/v2\/product_cat?post=5614"},{"taxonomy":"product_tag","embeddable":true,"href":"https:\/\/gardalaser.it\/es\/wp-json\/wp\/v2\/product_tag?post=5614"}],"curies":[{"name":"wp","href":"https:\/\/api.w.org\/{rel}","templated":true}]}}