{"id":7647,"date":"2026-03-12T12:11:16","date_gmt":"2026-03-12T11:11:16","guid":{"rendered":"https:\/\/gardalaser.it\/prodotto\/occhiali-di-protezione-laser-400nm-450nm-480nm-532nm-630nm-633nm-650nm-660nm-700nm\/"},"modified":"2026-03-12T13:48:19","modified_gmt":"2026-03-12T12:48:19","slug":"laser-sicherheitsbrillen-400-nm-450-nm-480-nm-532-nm-630-nm-633-nm-650-nm-660-nm-700-nm","status":"publish","type":"product","link":"https:\/\/gardalaser.it\/de\/Produkt\/laser-sicherheitsbrillen-400-nm-450-nm-480-nm-532-nm-630-nm-633-nm-650-nm-660-nm-700-nm\/","title":{"rendered":"Laser-Sicherheitsbrillen 400 nm \u2013 450 nm \u2013 480 nm \u2013 532 nm \u2013 630 nm \u2013 633 nm \u2013 650 nm \u2013 660 nm \u2013 700 nm"},"content":{"rendered":"<table>\n<tbody>\n<tr>\n<td><strong>Wellenl\u00e4ngen<\/strong><\/td>\n<td><strong>Schutzstufen<\/strong><\/td>\n<\/tr>\n<tr>\n<td>180-315<\/td>\n<td>D LB8 + IR LB4 (OD8+)<\/td>\n<\/tr>\n<tr>\n<td>&gt;315-532<\/td>\n<td>DIR LB3 + M LB3Y (OD4+)<\/td>\n<\/tr>\n<tr>\n<td>&gt;532-535<\/td>\n<td>DIRM LB3 (OD3+)<\/td>\n<\/tr>\n<tr>\n<td>&gt;535-542<\/td>\n<td>LB1 DIRM (OD1+)<\/td>\n<\/tr>\n<tr>\n<td>&gt;629-635<\/td>\n<td>LB2 DIRM (OD2+)<\/td>\n<\/tr>\n<tr>\n<td>&gt;635-660<\/td>\n<td>DIRM LB3 (OD3+)<\/td>\n<\/tr>\n<tr>\n<td>800-928<\/td>\n<td>DIRM LB3 (OD3+)<\/td>\n<\/tr>\n<tr>\n<td>&gt;928-1038<\/td>\n<td>DIR LB3 + M LB4Y (OD4+)<\/td>\n<\/tr>\n<tr>\n<td>&gt;1038-1070<\/td>\n<td>DIRM LB3 (OD3+)<\/td>\n<\/tr>\n<tr>\n<td><\/td>\n<td>PF S CE<\/td>\n<\/tr>\n<\/tbody>\n<\/table>\n","protected":false},"excerpt":{"rendered":"<p>ONTOR ist eine <strong>leichte Laser-Sicherheitsbrille aus<\/strong> speziellen Polymeren, die perfekt zum Tragen \u00fcber einer Brille mit Rezept geeignet ist. Dieser Rahmen bietet ein weites Sichtfeld und seitlichen Aufprallschutz. Die Tempel sind einzeln verstellbar, und ein weich versiegelter Gesichtsschaum verbessert den Komfort.<\/p>\n<p>&nbsp;<\/p>\n<p><strong>Der 0249-Laser-Sicherheitsfilter eignet sich besonders zum Schutz vor Laserpointer-(RGB)-Angriffen. Der Filter wurde auch erfolgreich auf den Aufprallpegel (F) gem\u00e4\u00df EN166 getestet und kann als Schutzbrille f\u00fcr Strafverfolgungsbeh\u00f6rden und Einsatzgruppen verwendet werden. Der Laser-Sicherheitsfilter besteht aus braunem Polycarbonat und bietet 18 % visuelle Lichtdurchl\u00e4ssigkeit (VLT), w\u00e4hrend er ein breites Spektrum sichtbarer Wellenl\u00e4ngen abdeckt. Zus\u00e4tzlich kann der Filter als Ausrichtungsfilter in verschiedenen Wellenl\u00e4ngenbereichen verwendet werden. Der Laser-Sicherheitsfilter ist CE-zertifiziert gem\u00e4\u00df den Anforderungen von EN 207 und EN 208 und ist in verschiedenen Montierungen erh\u00e4ltlich.<\/strong><\/p>\n<p>&nbsp;<\/p>\n<p>PDF &gt; <a href=\"https:\/\/gardalaser.it\/wp-content\/uploads\/2026\/03\/Scheda-tecnica-LG5006RGB-EN-DE-FILTRO-0249O.pdf\" target=\"_blank\" rel=\"noopener\"><strong>Technisches Datenblatt<\/strong><\/a><\/p>\n<p>PDF &gt; <a href=\"https:\/\/gardalaser.it\/wp-content\/uploads\/2026\/03\/LG5006RGB-EU-Declaration-of-conformity-Filter-0249.pdf\"><strong>EU-Konformit\u00e4tserkl\u00e4rung<\/strong><\/a><\/p>\n<p>&nbsp;<\/p>\n<p><strong>Informationen:<\/strong><\/p>\n<ul>\n<li>Anwendung: Diode (630 \u2013 660 nm), RGB-Laser (450 + 532 + 650 nm), He:Ne (633 nm), Blaulichtlaser (450 \u2013 480 nm), Justage (400\u2013700 nm) EN 208<\/li>\n<li>VLT (Lichttransmission): 18 %<\/li>\n<li>Filterfarbe: braun<\/li>\n<li>Filtermaterial: Polymer<\/li>\n<li>Filterdicke: 2,0 mm<\/li>\n<li>Fassungsfarbe: schwarz<\/li>\n<\/ul>\n<p>&nbsp;<\/p>\n<p><strong>ONTOR Brillenfassung:<\/strong><\/p>\n<ul>\n<li>Sportbrille<\/li>\n<li>sehr weites Sichtfeld<\/li>\n<li>individuelle Einstellung der B\u00fcgell\u00e4nge und des B\u00fcgelwinkels<\/li>\n<li>perfekter Tragekomfort durch gummierte Gesichtsauflage<\/li>\n<\/ul>\n","protected":false},"featured_media":7629,"template":"","meta":{"_acf_changed":false},"product_brand":[],"product_cat":[145],"product_tag":[],"class_list":{"0":"post-7647","1":"product","2":"type-product","3":"status-publish","4":"has-post-thumbnail","6":"tassonomia-enea-de","7":"tassonomia-enea-duo-de","8":"tassonomia-enea-trio-de","9":"tassonomia-ermes-de","10":"tassonomia-gynaekologie","11":"tassonomia-hals-nasen-ohren-heilkunde","12":"tassonomia-l-e-o-plus-de","13":"tassonomia-physiotherapie","14":"tassonomia-podologie","15":"tassonomia-tierarzt","16":"tassonomia-zahnhygiene","17":"tassonomia-zahnmedizin","18":"tassonomia-zaira-de","19":"product_cat-schutzbrille","21":"first","22":"instock","23":"taxable","24":"shipping-taxable","25":"purchasable","26":"product-type-simple"},"acf":[],"_links":{"self":[{"href":"https:\/\/gardalaser.it\/de\/wp-json\/wp\/v2\/product\/7647","targetHints":{"allow":["GET"]}}],"collection":[{"href":"https:\/\/gardalaser.it\/de\/wp-json\/wp\/v2\/product"}],"about":[{"href":"https:\/\/gardalaser.it\/de\/wp-json\/wp\/v2\/types\/product"}],"wp:featuredmedia":[{"embeddable":true,"href":"https:\/\/gardalaser.it\/de\/wp-json\/wp\/v2\/media\/7629"}],"wp:attachment":[{"href":"https:\/\/gardalaser.it\/de\/wp-json\/wp\/v2\/media?parent=7647"}],"wp:term":[{"taxonomy":"product_brand","embeddable":true,"href":"https:\/\/gardalaser.it\/de\/wp-json\/wp\/v2\/product_brand?post=7647"},{"taxonomy":"product_cat","embeddable":true,"href":"https:\/\/gardalaser.it\/de\/wp-json\/wp\/v2\/product_cat?post=7647"},{"taxonomy":"product_tag","embeddable":true,"href":"https:\/\/gardalaser.it\/de\/wp-json\/wp\/v2\/product_tag?post=7647"}],"curies":[{"name":"wp","href":"https:\/\/api.w.org\/{rel}","templated":true}]}}