{"id":7616,"date":"2026-03-12T11:17:45","date_gmt":"2026-03-12T10:17:45","guid":{"rendered":"https:\/\/gardalaser.it\/prodotto\/occhiali-di-protezione-laser-193nm-248nm-266nm-355nm-755nm-800nm-808nm-940nm-976nm-1030nm-1064nm\/"},"modified":"2026-03-12T11:44:35","modified_gmt":"2026-03-12T10:44:35","slug":"laser-sicherheitsbrillen-193nm-248nm-266nm-355nm-755nm-800nm-808nm-940nm-976nm-1030nm-1064nm","status":"publish","type":"product","link":"https:\/\/gardalaser.it\/de\/Produkt\/laser-sicherheitsbrillen-193nm-248nm-266nm-355nm-755nm-800nm-808nm-940nm-976nm-1030nm-1064nm\/","title":{"rendered":"Laser-Sicherheitsbrillen 193nm \u2013 248nm \u2013 266nm \u2013 355nm \u2013 755nm \u2013 800nm \u2013 808nm \u2013 940nm \u2013 976nm \u2013 1030nm \u2013 1064nm \u2013 1080nm \u2013 1060nm"},"content":{"rendered":"<table>\n<tbody>\n<tr>\n<td><strong>\u00a0<\/strong><\/td>\n<td><strong>\u00a0<\/strong><\/td>\n<td><strong>Wellenl\u00e4ngen<\/strong><\/td>\n<td><strong>Schutzstufen<\/strong><\/td>\n<\/tr>\n<tr>\n<td>&nbsp;<\/td>\n<td>&nbsp;<\/td>\n<td>180-315<\/td>\n<td>D LB10 + IR LB5 + M LB6 (OD10+)<\/td>\n<\/tr>\n<tr>\n<td>&nbsp;<\/td>\n<td>&nbsp;<\/td>\n<td>&gt;315-380<\/td>\n<td>D LB6 + IR LB8 + M LB7 (OD8+)<\/td>\n<\/tr>\n<tr>\n<td>&nbsp;<\/td>\n<td>&nbsp;<\/td>\n<td>&gt;380-436<\/td>\n<td>LB6 DIRM (OD6+)<\/td>\n<\/tr>\n<tr>\n<td>&nbsp;<\/td>\n<td>&nbsp;<\/td>\n<td>437-448<\/td>\n<td>DIRM LB4 (OD4+)<\/td>\n<\/tr>\n<tr>\n<td>&nbsp;<\/td>\n<td>&nbsp;<\/td>\n<td>449-462<\/td>\n<td>LB2 DIRM (OD2+)<\/td>\n<\/tr>\n<tr>\n<td>&nbsp;<\/td>\n<td>&nbsp;<\/td>\n<td>463-489<\/td>\n<td>LB1 DIRM (OD1+)<\/td>\n<\/tr>\n<tr>\n<td>&nbsp;<\/td>\n<td>&nbsp;<\/td>\n<td>624-650<\/td>\n<td>LB1 DIRM (OD1+)<\/td>\n<\/tr>\n<tr>\n<td>&nbsp;<\/td>\n<td>&nbsp;<\/td>\n<td>651-699<\/td>\n<td>LB2 DIRM (OD2+)<\/td>\n<\/tr>\n<tr>\n<td>&nbsp;<\/td>\n<td>&nbsp;<\/td>\n<td>700-719<\/td>\n<td>DIRM LB4 (OD4+)<\/td>\n<\/tr>\n<tr>\n<td>&nbsp;<\/td>\n<td>&nbsp;<\/td>\n<td>720-722<\/td>\n<td>LB6 DIRM (OD6+)<\/td>\n<\/tr>\n<tr>\n<td>&nbsp;<\/td>\n<td>&nbsp;<\/td>\n<td>723-729<\/td>\n<td>D LB6 + IRM LB8 (OD8+)<\/td>\n<\/tr>\n<tr>\n<td>&nbsp;<\/td>\n<td>&nbsp;<\/td>\n<td>730-765<\/td>\n<td>D LB6 + IRM LB9 (OD9+)<\/td>\n<\/tr>\n<tr>\n<td>&nbsp;<\/td>\n<td>&nbsp;<\/td>\n<td>765-769<\/td>\n<td>D LB6 + IRM LB8 (OD8+)<\/td>\n<\/tr>\n<tr>\n<td>&nbsp;<\/td>\n<td>&nbsp;<\/td>\n<td>&gt;769-820<\/td>\n<td>DIRM LB5 (OD5+)<\/td>\n<\/tr>\n<tr>\n<td>&nbsp;<\/td>\n<td>&nbsp;<\/td>\n<td>&gt;820-920<\/td>\n<td>LB6 DIRM (OD6+)<\/td>\n<\/tr>\n<tr>\n<td>&nbsp;<\/td>\n<td>&nbsp;<\/td>\n<td>910-1075<\/td>\n<td>D LB6 + IRM LB8 (OD8+)<\/td>\n<\/tr>\n<tr>\n<td>&nbsp;<\/td>\n<td>&nbsp;<\/td>\n<td>&gt;920-1065<\/td>\n<td>D LB6 + IRM LB9 (OD9+)<\/td>\n<\/tr>\n<tr>\n<td>&nbsp;<\/td>\n<td>&nbsp;<\/td>\n<td>1076-1085<\/td>\n<td>LB6 DIRM (OD6+)<\/td>\n<\/tr>\n<tr>\n<td>&nbsp;<\/td>\n<td>&nbsp;<\/td>\n<td>1086-1106<\/td>\n<td>DIRM LB4 (OD4+)<\/td>\n<\/tr>\n<tr>\n<td>&nbsp;<\/td>\n<td>&nbsp;<\/td>\n<td>1107-1138<\/td>\n<td>LB2 DIRM (OD2+)<\/td>\n<\/tr>\n<tr>\n<td>&nbsp;<\/td>\n<td>&nbsp;<\/td>\n<td>1139-1167<\/td>\n<td>LB1 DIRM (OD1+)<\/td>\n<\/tr>\n<tr>\n<td>&nbsp;<\/td>\n<td>&nbsp;<\/td>\n<td>5165-11500<\/td>\n<td>LB4+R LB3 (OD4+)<\/td>\n<\/tr>\n<tr>\n<td>&nbsp;<\/td>\n<td>&nbsp;<\/td>\n<td>&nbsp;<\/td>\n<td>PF CE<\/td>\n<\/tr>\n<\/tbody>\n<\/table>\n","protected":false},"excerpt":{"rendered":"<p>ONTOR ist eine <strong>leichte Laser-Sicherheitsbrille aus<\/strong> speziellen Polymeren, die perfekt zum Tragen \u00fcber einer Brille mit Rezept geeignet ist. Dieser Rahmen bietet ein weites Sichtfeld und seitlichen Aufprallschutz. Die Tempel sind einzeln verstellbar, und ein weich versiegelter Gesichtsschaum verbessert den Komfort.<\/p>\n<p>&nbsp;<\/p>\n<p><strong>Der 0275 Laser-Sicherheitsfilter eignet sich besonders f\u00fcr UV-Laser (248 nm), Nd:YAG 4x (266 nm), Nd:YAG 3x (355 nm), Alexandrit (755 nm), Ti:Sapphire (800 nm), Diode (808 nm), Disk (1030 nm), Nd:YAG (1064 nm), Faser (976 \u2013 1080 nm) und CO2 (10600 nm), deckt aber auch andere Wellenl\u00e4ngen ab. Der Laser-Sicherheitsfilter besteht aus einem speziellen gr\u00fcnen Kunststoff und bietet eine sichtbare Lichtdurchl\u00e4ssigkeit (VLT) von 30 % sowie eine reduzierte Filterdicke. Der Laser-Sicherheitsfilter ist gem\u00e4\u00df den Anforderungen von EN207 CE-zertifiziert<\/strong><\/p>\n<p>&nbsp;<\/p>\n<p>PDF &gt;<a href=\"https:\/\/gardalaser.it\/wp-content\/uploads\/2026\/03\/Scheda-tecnica-LG5006Q-EN-DE.pdf\" target=\"_blank\" rel=\"noopener\"><strong> Technisches Datenblatt<\/strong><\/a><\/p>\n<p>PDF &gt;<a href=\"https:\/\/gardalaser.it\/wp-content\/uploads\/2026\/03\/LG5006Q-EU-DECLARATION-OF-CONFORMITY-Filter-0275-EU-Declaration-of-conformity-Filter-0275.pdf\" target=\"_blank\" rel=\"noopener\"><strong> EU-Konformit\u00e4tserkl\u00e4rung<\/strong><\/a><\/p>\n<p>&nbsp;<\/p>\n<p><strong>Informationen:<\/strong><\/p>\n<ul>\n<li>Anwendung: Excimer (193 nm), UV (248 nm), Nd:YAG 4x (266 nm), Nd:YAG 3x (355 nm), Alexandrit (755 nm), Ti:Saphir (800 nm), Diode (808 nm), Diode (940 nm), Yb:YAG\/Scheibe (1030 nm), Nd:YAG (1064 nm), Faser (976 \u2013 1080 nm), CO2 (10600 nm)<\/li>\n<li>VLT (Lichttransmission): 30%<\/li>\n<li>Filterfarbe: gr\u00fcn<\/li>\n<li>Filtermaterial: Polymer<\/li>\n<li>Filterdicke: 2,0 mm<\/li>\n<li>Fassungsfarbe: schwarz\/wei\u00df<\/li>\n<\/ul>\n<p>&nbsp;<\/p>\n<p><strong>ONTOR Brillenfassung:<\/strong><\/p>\n<ul>\n<li>Sportbrille<\/li>\n<li>sehr weites Sichtfeld<\/li>\n<li>individuelle Einstellung der B\u00fcgell\u00e4nge und des B\u00fcgelwinkels<\/li>\n<li>perfekter Tragekomfort durch gummierte Gesichtsauflage<\/li>\n<\/ul>\n<p>&nbsp;<\/p>\n","protected":false},"featured_media":7605,"template":"","meta":{"_acf_changed":false},"product_brand":[],"product_cat":[145],"product_tag":[],"class_list":{"0":"post-7616","1":"product","2":"type-product","3":"status-publish","4":"has-post-thumbnail","6":"tassonomia-enea-de","7":"tassonomia-enea-duo-de","8":"tassonomia-enea-trio-de","9":"tassonomia-ermes-de","10":"tassonomia-gynaekologie","11":"tassonomia-hals-nasen-ohren-heilkunde","12":"tassonomia-l-e-o-plus-de","13":"tassonomia-physiotherapie","14":"tassonomia-podologie","15":"tassonomia-tierarzt","16":"tassonomia-zahnhygiene","17":"tassonomia-zahnmedizin","18":"tassonomia-zaira-de","19":"product_cat-schutzbrille","21":"first","22":"instock","23":"taxable","24":"shipping-taxable","25":"purchasable","26":"product-type-simple"},"acf":[],"_links":{"self":[{"href":"https:\/\/gardalaser.it\/de\/wp-json\/wp\/v2\/product\/7616","targetHints":{"allow":["GET"]}}],"collection":[{"href":"https:\/\/gardalaser.it\/de\/wp-json\/wp\/v2\/product"}],"about":[{"href":"https:\/\/gardalaser.it\/de\/wp-json\/wp\/v2\/types\/product"}],"wp:featuredmedia":[{"embeddable":true,"href":"https:\/\/gardalaser.it\/de\/wp-json\/wp\/v2\/media\/7605"}],"wp:attachment":[{"href":"https:\/\/gardalaser.it\/de\/wp-json\/wp\/v2\/media?parent=7616"}],"wp:term":[{"taxonomy":"product_brand","embeddable":true,"href":"https:\/\/gardalaser.it\/de\/wp-json\/wp\/v2\/product_brand?post=7616"},{"taxonomy":"product_cat","embeddable":true,"href":"https:\/\/gardalaser.it\/de\/wp-json\/wp\/v2\/product_cat?post=7616"},{"taxonomy":"product_tag","embeddable":true,"href":"https:\/\/gardalaser.it\/de\/wp-json\/wp\/v2\/product_tag?post=7616"}],"curies":[{"name":"wp","href":"https:\/\/api.w.org\/{rel}","templated":true}]}}