{"id":7563,"date":"2026-03-11T16:33:17","date_gmt":"2026-03-11T15:33:17","guid":{"rendered":"https:\/\/gardalaser.it\/prodotto\/occhiali-di-protezione-laser-250nm-315nm-380nm-450nm-780nm-3000nm\/"},"modified":"2026-03-13T14:51:16","modified_gmt":"2026-03-13T13:51:16","slug":"laser-sicherheitsbrillen-250-nm-315-nm-380-nm-450-nm-780-nm-3000-nm","status":"publish","type":"product","link":"https:\/\/gardalaser.it\/de\/Produkt\/laser-sicherheitsbrillen-250-nm-315-nm-380-nm-450-nm-780-nm-3000-nm\/","title":{"rendered":"Laser-Sicherheitsbrillen 250 nm \u2013 315 nm \u2013 380 nm \u2013 450 nm \u2013 780 nm \u2013 3000 nm"},"content":{"rendered":"<ul>\n<li>VLT (sichtbare Lichtdurchl\u00e4ssigkeit): 6 %<\/li>\n<li>Filterfarbe: grau<\/li>\n<li>Filtermaterial: Polycarbonat, kratzfest<\/li>\n<li>Rahmenfarbe: Schwarz\/Wei\u00df<\/li>\n<\/ul>\n<p>&nbsp;<\/p>\n<p><strong>Rahmen f\u00fcr ONTOR-Brillen:<\/strong><\/p>\n<ul>\n<li>Sportbrillen<\/li>\n<li>Sehr weites Sichtfeld<\/li>\n<li>individuelle Anpassung der L\u00e4nge und des Winkels der Schl\u00e4fen<\/li>\n<li>Perfekter Komfort dank des gummierten Gesichtsschaums<\/li>\n<\/ul>\n","protected":false},"excerpt":{"rendered":"<p>Unsere <strong>IPL ONTOR-Schutzbrille ist<\/strong> eine leichte und vielseitige Schutzbrille mit einem Kunststoffrahmen, perfekt als \u00dcberbrille f\u00fcr Brillentr\u00e4ger. Der Rahmen bietet ein sehr breites Sichtfeld und eine breite seitliche Abdeckung, mit hervorragendem Komfort dank der flexiblen, in L\u00e4nge und Neigung verstellbaren Schl\u00e4fen sowie einer speziellen weichen Gummipolsterung im Stirnbereich.\u00a0\u00a0<strong>IPL ONTOR-Schutzbrillen<\/strong> gew\u00e4hrleisten die Sicherheit von Nutzern und Patienten w\u00e4hrend der <strong>IPL-Behandlungen<\/strong>.<\/p>\n<ul>\n<li>geeignet f\u00fcr <strong>IPL-Anwendungen<\/strong><\/li>\n<li>Sehr weites Sichtfeld<\/li>\n<\/ul>\n<p>&nbsp;<\/p>\n<p><strong>Zertifiziert gem\u00e4\u00df EN 12609-1<\/strong><\/p>\n<ul>\n<li><strong>Schutzniveau: F-4<\/strong><\/li>\n<\/ul>\n<p>&nbsp;<\/p>\n<p>PDF &gt;<a href=\"https:\/\/gardalaser.it\/wp-content\/uploads\/2026\/03\/Scheda-tecnica-LG5006O-F-4-EN-DE.pdf\" target=\"_blank\" rel=\"noopener\"><strong> Technisches Datenblatt<\/strong><\/a><\/p>\n<p>&nbsp;<\/p>\n","protected":false},"featured_media":7959,"template":"","meta":{"_acf_changed":false},"product_brand":[],"product_cat":[145],"product_tag":[],"class_list":{"0":"post-7563","1":"product","2":"type-product","3":"status-publish","4":"has-post-thumbnail","6":"tassonomia-aesthetik","7":"product_cat-schutzbrille","9":"first","10":"instock","11":"taxable","12":"shipping-taxable","13":"purchasable","14":"product-type-simple"},"acf":[],"_links":{"self":[{"href":"https:\/\/gardalaser.it\/de\/wp-json\/wp\/v2\/product\/7563","targetHints":{"allow":["GET"]}}],"collection":[{"href":"https:\/\/gardalaser.it\/de\/wp-json\/wp\/v2\/product"}],"about":[{"href":"https:\/\/gardalaser.it\/de\/wp-json\/wp\/v2\/types\/product"}],"wp:featuredmedia":[{"embeddable":true,"href":"https:\/\/gardalaser.it\/de\/wp-json\/wp\/v2\/media\/7959"}],"wp:attachment":[{"href":"https:\/\/gardalaser.it\/de\/wp-json\/wp\/v2\/media?parent=7563"}],"wp:term":[{"taxonomy":"product_brand","embeddable":true,"href":"https:\/\/gardalaser.it\/de\/wp-json\/wp\/v2\/product_brand?post=7563"},{"taxonomy":"product_cat","embeddable":true,"href":"https:\/\/gardalaser.it\/de\/wp-json\/wp\/v2\/product_cat?post=7563"},{"taxonomy":"product_tag","embeddable":true,"href":"https:\/\/gardalaser.it\/de\/wp-json\/wp\/v2\/product_tag?post=7563"}],"curies":[{"name":"wp","href":"https:\/\/api.w.org\/{rel}","templated":true}]}}