{"id":7534,"date":"2026-03-11T15:29:41","date_gmt":"2026-03-11T14:29:41","guid":{"rendered":"https:\/\/gardalaser.it\/prodotto\/occhiali-di-protezione-laser-193nm-248nm-266nm-355nm-450nm-480nm-800nm-976nm-1030nm-1064nm-1080nm\/"},"modified":"2026-03-11T16:03:03","modified_gmt":"2026-03-11T15:03:03","slug":"laser-sicherheitsbrillen-193-nm-248-nm-266-nm-355-nm-450-nm-480-nm-800-nm-976-nm-1030-nm-1064-nm-108","status":"publish","type":"product","link":"https:\/\/gardalaser.it\/de\/Produkt\/laser-sicherheitsbrillen-193-nm-248-nm-266-nm-355-nm-450-nm-480-nm-800-nm-976-nm-1030-nm-1064-nm-108\/","title":{"rendered":"Laser Sicherheitsbrillen 193 nm \u2013 248 nm \u2013 266 nm \u2013 355 nm \u2013 450 nm \u2013 480 nm \u2013 800 nm \u2013 976 nm \u2013 1030 nm \u2013 1064 nm \u2013 1080 nm"},"content":{"rendered":"<table>\n<tbody>\n<tr>\n<td><strong>Wellenl\u00e4ngen<\/strong><\/td>\n<td><strong>Schutzstufen<\/strong><\/td>\n<\/tr>\n<tr>\n<td>180-315<\/td>\n<td>D LB10 + IR LB5 + M LB6Y (OD10+)<\/td>\n<\/tr>\n<tr>\n<td>&gt;315-465<\/td>\n<td>D LB6 + IR LB8 + M LB9 (OD9+)<\/td>\n<\/tr>\n<tr>\n<td>&gt;465-470<\/td>\n<td>D LB6 + IRM LB8 (OD8+)<\/td>\n<\/tr>\n<tr>\n<td>&gt;470-478<\/td>\n<td>DIRM LB5 (OD5+)<\/td>\n<\/tr>\n<tr>\n<td>&gt;478-485<\/td>\n<td>DIRM LB3 (OD3+)<\/td>\n<\/tr>\n<tr>\n<td>&gt;485-493<\/td>\n<td>LB2 DIRM (OD2+)<\/td>\n<\/tr>\n<tr>\n<td>&gt;493-500<\/td>\n<td>LB1 DIRM (OD1+)<\/td>\n<\/tr>\n<tr>\n<td>&gt;618-629<\/td>\n<td>LB1 DIRM (OD1+)<\/td>\n<\/tr>\n<tr>\n<td>&gt;629-638<\/td>\n<td>LB2 DIRM (OD2+)<\/td>\n<\/tr>\n<tr>\n<td>&gt;638-643<\/td>\n<td>DIRM LB3 (OD3+)<\/td>\n<\/tr>\n<tr>\n<td>&gt;643-658<\/td>\n<td>DIRM LB4 (OD4+)<\/td>\n<\/tr>\n<tr>\n<td>&gt;658-664<\/td>\n<td>DIRM LB3 (OD3+)<\/td>\n<\/tr>\n<tr>\n<td>&gt;664-670<\/td>\n<td>LB2 DIRM (OD2+)<\/td>\n<\/tr>\n<tr>\n<td>&gt;670-725<\/td>\n<td>LB1 DIRM (OD1+)<\/td>\n<\/tr>\n<tr>\n<td>&gt;725-754<\/td>\n<td>LB2 DIRM (OD2+)<\/td>\n<\/tr>\n<tr>\n<td>&gt;754-778<\/td>\n<td>DIRM LB3 (OD3+)<\/td>\n<\/tr>\n<tr>\n<td>&gt;778-800<\/td>\n<td>DIRM LB4 (OD4+)<\/td>\n<\/tr>\n<tr>\n<td>&gt;800-825<\/td>\n<td>DIRM LB5 (OD5+)<\/td>\n<\/tr>\n<tr>\n<td>&gt;825-850<\/td>\n<td>LB6 DIRM (OD6+)<\/td>\n<\/tr>\n<tr>\n<td>&gt;850-885<\/td>\n<td>D LB6 + IRM LB7 (OD7+)<\/td>\n<\/tr>\n<tr>\n<td>&gt;885-925<\/td>\n<td>D LB6 + IRM LB8 (OD8+)<\/td>\n<\/tr>\n<tr>\n<td>&gt;925-1075<\/td>\n<td>D LB6 + IM LB9 + R LB8 (OD9+)<\/td>\n<\/tr>\n<tr>\n<td>&gt;1075-1080<\/td>\n<td>D LB6 + IRM LB8 (OD8+)<\/td>\n<\/tr>\n<tr>\n<td>&gt;1080-1085<\/td>\n<td>D LB6 + IRM LB7 (OD7+)<\/td>\n<\/tr>\n<tr>\n<td>&gt;1085-1095<\/td>\n<td>LB6 DIRM (OD6+)<\/td>\n<\/tr>\n<tr>\n<td>&gt;1095-1100<\/td>\n<td>DIRM LB5 (OD5+)<\/td>\n<\/tr>\n<tr>\n<td><\/td>\n<td>PF CE<\/td>\n<\/tr>\n<\/tbody>\n<\/table>\n","protected":false},"excerpt":{"rendered":"<p>ONTOR ist eine <strong>leichte Laser-Sicherheitsbrille aus<\/strong> speziellen Polymeren, die perfekt zum Tragen \u00fcber einer Brille mit Rezept geeignet ist. Dieser Rahmen bietet ein weites Sichtfeld und seitlichen Aufprallschutz. Die Tempel sind einzeln verstellbar, und ein weich versiegelter Gesichtsschaum verbessert den Komfort.<\/p>\n<p>Der <strong>0374-Laser-Sicherheitsfilter eignet sich besonders f\u00fcr Excimerlaser (193 nm), UV (248 nm), Nd:YAG 4x (266 nm), Nd:YAG 3x (355 nm), Blaulicht (450\u2013480 nm), Dioden-Nd:YAG (800\u20131064 nm), Yb:YAG\/Scheibe (1030 nm) und Glasfaser (976\u20131080 nm), deckt aber auch andere Wellenl\u00e4ngen ab. Der Laser-Sicherheitsfilter besteht aus gr\u00fcnem Polycarbonat und bietet eine sichtbare Lichtdurchl\u00e4ssigkeit von 27 % (VLT) sowie eine reduzierte Filterdicke. Der Laser-Sicherheitsfilter ist gem\u00e4\u00df den Anforderungen von EN 207 CE-zertifiziert.<\/strong><\/p>\n<p>&nbsp;<\/p>\n<p>PDF &gt;<a href=\"https:\/\/gardalaser.it\/wp-content\/uploads\/2026\/03\/Scheda-tecnica-LG5006L-EN-DE-FILTRO-0374.pdf\" target=\"_blank\" rel=\"noopener\"><strong> Technisches Datenblatt<\/strong><\/a><\/p>\n<p>PDF &gt;<strong>\u00a0<\/strong><a href=\"https:\/\/gardalaser.it\/wp-content\/uploads\/2026\/03\/LG5006L-EU-Declaration-of-conformity-Filter-0374.pdf\" target=\"_blank\" rel=\"noopener\"><strong>EU-Konformit\u00e4tserkl\u00e4rung<\/strong><\/a><\/p>\n<p>&nbsp;<\/p>\n<p><strong>Informationen:<\/strong><\/p>\n<ul>\n<li>Anwendung: Excimer (193 nm), UV (248 nm), Nd:YAG 4x (266 nm), Nd:YAG 3x (355 nm), Blaulichtlaser (450 \u2013 480 nm), Dioden-Nd:YAG (800-1064 nm), Yb:YAG\/Scheibe (1030 nm), Faser (976 \u2013 1080 nm)<\/li>\n<li>VLT (Lichttransmission): 27%<\/li>\n<li>Filterfarbe: gr\u00fcn<\/li>\n<li>Filtermaterial: Polymer<\/li>\n<li>Filterdicke: 2,0 mm<\/li>\n<li>Fassungsfarbe: schwarz\/wei\u00df<\/li>\n<\/ul>\n<p>&nbsp;<\/p>\n<p><strong>ONTOR Brillenfassung:<\/strong><\/p>\n<ul>\n<li>Sportbrille<\/li>\n<li>sehr weites Sichtfeld<\/li>\n<li>individuelle Einstellung der B\u00fcgell\u00e4nge und Inklination<\/li>\n<li>perfekter Tragekomfort durch gummierte Gesichtsauflage<\/li>\n<\/ul>\n","protected":false},"featured_media":7510,"template":"","meta":{"_acf_changed":false},"product_brand":[],"product_cat":[145],"product_tag":[],"class_list":{"0":"post-7534","1":"product","2":"type-product","3":"status-publish","4":"has-post-thumbnail","6":"tassonomia-enea-de","7":"tassonomia-enea-duo-de","8":"tassonomia-enea-trio-de","9":"tassonomia-ermes-de","10":"tassonomia-gynaekologie","11":"tassonomia-hals-nasen-ohren-heilkunde","12":"tassonomia-l-e-o-plus-de","13":"tassonomia-physiotherapie","14":"tassonomia-podologie","15":"tassonomia-tierarzt","16":"tassonomia-zahnhygiene","17":"tassonomia-zahnmedizin","18":"tassonomia-zaira-de","19":"product_cat-schutzbrille","21":"first","22":"instock","23":"taxable","24":"shipping-taxable","25":"purchasable","26":"product-type-simple"},"acf":[],"_links":{"self":[{"href":"https:\/\/gardalaser.it\/de\/wp-json\/wp\/v2\/product\/7534","targetHints":{"allow":["GET"]}}],"collection":[{"href":"https:\/\/gardalaser.it\/de\/wp-json\/wp\/v2\/product"}],"about":[{"href":"https:\/\/gardalaser.it\/de\/wp-json\/wp\/v2\/types\/product"}],"wp:featuredmedia":[{"embeddable":true,"href":"https:\/\/gardalaser.it\/de\/wp-json\/wp\/v2\/media\/7510"}],"wp:attachment":[{"href":"https:\/\/gardalaser.it\/de\/wp-json\/wp\/v2\/media?parent=7534"}],"wp:term":[{"taxonomy":"product_brand","embeddable":true,"href":"https:\/\/gardalaser.it\/de\/wp-json\/wp\/v2\/product_brand?post=7534"},{"taxonomy":"product_cat","embeddable":true,"href":"https:\/\/gardalaser.it\/de\/wp-json\/wp\/v2\/product_cat?post=7534"},{"taxonomy":"product_tag","embeddable":true,"href":"https:\/\/gardalaser.it\/de\/wp-json\/wp\/v2\/product_tag?post=7534"}],"curies":[{"name":"wp","href":"https:\/\/api.w.org\/{rel}","templated":true}]}}