{"id":4073,"date":"2024-03-11T11:00:22","date_gmt":"2024-03-11T10:00:22","guid":{"rendered":"https:\/\/gardalaser.it\/prodotto\/occhiali-protettivi-per-laser-450-532nm\/"},"modified":"2024-06-03T10:19:10","modified_gmt":"2024-06-03T08:19:10","slug":"schutzbrille-fuer-450-532nm-laser","status":"publish","type":"product","link":"https:\/\/gardalaser.it\/de\/Produkt\/schutzbrille-fuer-450-532nm-laser\/","title":{"rendered":"Schutzbrille f\u00fcr 450-532nm-Laser"},"content":{"rendered":"<p><strong>Informazioni sul prodotto:<\/strong><\/p>\n<ul>\n<li>Anwendung : Excimer (193 nm), UV (248 nm), Nd:YAG 4x (266 nm), Nd:YAG 3x (355 nm), Blaulicht-Laser (450 \u2013 480 nm), Argon (515 nm), Nd:YAG 2x (532 nm), KTP (532 nm)<\/li>\n<li>VLT (Sichtbare Lichttransmission): 42 %<\/li>\n<li>Filterfarbe: orange<\/li>\n<li>Filtermaterial: Spezialkunststoff<\/li>\n<li>Filterdicke: 2,0 mm<\/li>\n<li>Frame color: schwarz\/wei\u00df<\/li>\n<\/ul>\n<p>&nbsp;<\/p>\n<p><strong>Brillengestell ONTOR:<\/strong><\/p>\n<ul>\n<li>sportliche \u00dcberbrille als Einscheibenmodell<\/li>\n<li>sehr gro\u00dfes Sichtfeld<\/li>\n<li>perfekter Sitz durch flexible und l\u00e4ngenverstellbare B\u00fcgel<\/li>\n<li>angenehmer Tragekomfort durch Gummierung im Stirnbereich<\/li>\n<\/ul>\n<p>&nbsp;<\/p>\n<table>\n<tbody>\n<tr>\n<td><strong>Wellenl\u00e4ngen (nm)<\/strong><\/td>\n<td><strong>Schutzstufen<\/strong><\/td>\n<\/tr>\n<tr>\n<td>180-315<\/td>\n<td>D LB10 + IR LB5 + M LB6Y (OD10+)<\/td>\n<\/tr>\n<tr>\n<td><strong>&gt;315-532<\/strong><\/td>\n<td><strong>D LB6 + IRM LB8 (OD8+)<\/strong><\/td>\n<\/tr>\n<tr>\n<td><strong>&gt;532-534<\/strong><\/td>\n<td><strong>D LB6 + IRM LB7 (OD7+)<\/strong><\/td>\n<\/tr>\n<tr>\n<td><strong>&gt;534-536<\/strong><\/td>\n<td><strong>DIRM LB6 (OD6+)<\/strong><\/td>\n<\/tr>\n<tr>\n<td><strong>&gt;536-538<\/strong><\/td>\n<td><strong>DIRM LB5 (OD5+)<\/strong><\/td>\n<\/tr>\n<tr>\n<td>&gt;538-540<\/td>\n<td>DIRM LB4 (OD4+)<\/td>\n<\/tr>\n<tr>\n<td>&gt;540-542<\/td>\n<td>DIRM LB3 (OD3+)<\/td>\n<\/tr>\n<tr>\n<td>&gt;542-544<\/td>\n<td>DIRM LB2 (OD2+)<\/td>\n<\/tr>\n<tr>\n<td>&gt;544-548<\/td>\n<td>DIRM LB1 (OD1+)<\/td>\n<\/tr>\n<tr>\n<td>&gt;4004-4625<\/td>\n<td>DIR LB2 (OD2+)<\/td>\n<\/tr>\n<tr>\n<td>&gt;4625-4770<\/td>\n<td>DIR LB1 (OD3+)<\/td>\n<\/tr>\n<tr>\n<td>&gt;4770-5170<\/td>\n<td>DI LB3 + R LB3Y (OD3+)<\/td>\n<\/tr>\n<tr>\n<td>&gt;5170-11500<\/td>\n<td>DI LB4 + R LB3Y (OD4+)<\/td>\n<\/tr>\n<tr>\n<td><\/td>\n<td>PF CE<\/td>\n<\/tr>\n<\/tbody>\n<\/table>\n","protected":false},"excerpt":{"rendered":"<p>Die\u00a0<strong>Laserschutzbrille ONTOR<\/strong>\u00a0ist eine leichte,\u00a0vielseitig einsetzbare\u00a0<strong>Laserschutzbrille<\/strong>\u00a0aus\u00a0einem Kunststoffgestell, die sich hervorrragend als \u00dcberbrille f\u00fcr Brillentr\u00e4ger eignet. Das Gestell bietet ein sehr gro\u00dfes Sichtfeld und\u00a0weit herumgezogener seitlicher Abdeckung, bei hervorragendem Tragekomfort durch flexible und in der L\u00e4nge und Neigung verstellbare B\u00fcgel, und einer speziellen\u00a0<strong>Soft-Rubber-Polsterung<\/strong>\u00a0im Stirnbereich.<\/p>\n<p>Der\u00a0<strong>Laserschutzfilter 0277\u00a0<\/strong>eignet sich insbesondere als Laserschutz bei leistungsstarken\u00a0<strong>Nd:YAG 4x (266 nm)<\/strong>,<strong>\u00a0Nd:YAG 3x (355 nm)<\/strong>,<strong>\u00a0Blaulicht-Laser (450 \u2013 480 nm)<\/strong>,<strong>\u00a0Argon (515 nm)<\/strong>,<strong>\u00a0Nd:YAG 2x (532 nm)\u00a0<\/strong>und<strong>\u00a0KTP (532 nm) Laser<\/strong>.Der Laserschutzfilter besteht aus einem orangefarbenem Spezialkunststoff, und besticht durch eine Tageslichttransmission von ca. 42% bei geringer Dicke. Der Laserschutzfilter ist\u00a0<strong>CE zertifiziert<\/strong>\u00a0nach den Bestimmungen der\u00a0<strong>DIN EN 207<\/strong>.<\/p>\n<p><a href=\"https:\/\/gardalaser.it\/wp-content\/uploads\/2024\/03\/DB-000-K0277-ONTO-DE-EN.pdf\" target=\"_blank\" rel=\"noopener\"><strong>PDF-Datenblatt<\/strong><\/a><\/p>\n","protected":false},"featured_media":3584,"template":"","meta":{"_acf_changed":false},"product_brand":[],"product_cat":[145],"product_tag":[],"class_list":{"0":"post-4073","1":"product","2":"type-product","3":"status-publish","4":"has-post-thumbnail","6":"tassonomia-enea-duo-de","7":"tassonomia-enea-trio-de","8":"tassonomia-ermes-de","9":"tassonomia-gynaekologie","10":"tassonomia-hals-nasen-ohren-heilkunde","11":"tassonomia-physiotherapie","12":"tassonomia-podologie","13":"tassonomia-tierarzt","14":"tassonomia-zahnhygiene","15":"tassonomia-zahnmedizin","16":"product_cat-schutzbrille","18":"first","19":"onbackorder","20":"taxable","21":"shipping-taxable","22":"purchasable","23":"product-type-simple"},"acf":[],"_links":{"self":[{"href":"https:\/\/gardalaser.it\/de\/wp-json\/wp\/v2\/product\/4073","targetHints":{"allow":["GET"]}}],"collection":[{"href":"https:\/\/gardalaser.it\/de\/wp-json\/wp\/v2\/product"}],"about":[{"href":"https:\/\/gardalaser.it\/de\/wp-json\/wp\/v2\/types\/product"}],"wp:featuredmedia":[{"embeddable":true,"href":"https:\/\/gardalaser.it\/de\/wp-json\/wp\/v2\/media\/3584"}],"wp:attachment":[{"href":"https:\/\/gardalaser.it\/de\/wp-json\/wp\/v2\/media?parent=4073"}],"wp:term":[{"taxonomy":"product_brand","embeddable":true,"href":"https:\/\/gardalaser.it\/de\/wp-json\/wp\/v2\/product_brand?post=4073"},{"taxonomy":"product_cat","embeddable":true,"href":"https:\/\/gardalaser.it\/de\/wp-json\/wp\/v2\/product_cat?post=4073"},{"taxonomy":"product_tag","embeddable":true,"href":"https:\/\/gardalaser.it\/de\/wp-json\/wp\/v2\/product_tag?post=4073"}],"curies":[{"name":"wp","href":"https:\/\/api.w.org\/{rel}","templated":true}]}}