{"id":4063,"date":"2022-05-05T11:20:36","date_gmt":"2022-05-05T09:20:36","guid":{"rendered":"https:\/\/gardalaser.it\/prodotto\/wireless-ultrasound-scanner-a-colori-con-doppia-testa-lineare-convessa\/"},"modified":"2024-06-04T08:52:54","modified_gmt":"2024-06-04T06:52:54","slug":"kabelloser-ultraschall-farbscanner-mit-linear-konvexem-dualkopf","status":"publish","type":"product","link":"https:\/\/gardalaser.it\/de\/Produkt\/kabelloser-ultraschall-farbscanner-mit-linear-konvexem-dualkopf\/","title":{"rendered":"Kabelloser Ultraschall-Farbscanner mit linear-konvexem Dualkopf"},"content":{"rendered":"<ul>\n<li>\u00a0Verbindungsart: WLAN<\/li>\n<li>\u00a0Konfigurierbar mit: IOS, Android, Windows PC<\/li>\n<\/ul>\n","protected":false},"excerpt":{"rendered":"<p>Tragbares Ger\u00e4t f\u00fcr <strong>Pr\u00e4zisions-Ultraschalluntersuchungen<\/strong> zur schnellen farblich dargestellten Diagnose mit drahtloser \u00dcbertragung und linear-konvexem Dualkopf<\/p>\n","protected":false},"featured_media":1781,"template":"","meta":{"_acf_changed":false},"product_brand":[],"product_cat":[163],"product_tag":[],"class_list":{"0":"post-4063","1":"product","2":"type-product","3":"status-publish","4":"has-post-thumbnail","6":"tassonomia-enea-de","7":"tassonomia-enea-duo-de","8":"tassonomia-enea-trio-de","9":"tassonomia-ermes-de","10":"tassonomia-zaira-de","11":"product_cat-wireless-ultrasound-scanner-de","12":"product_shipping_class-spedizione-assicurata-fascia-alta-de","14":"first","15":"instock","16":"taxable","17":"shipping-taxable","18":"purchasable","19":"product-type-simple"},"acf":[],"_links":{"self":[{"href":"https:\/\/gardalaser.it\/de\/wp-json\/wp\/v2\/product\/4063","targetHints":{"allow":["GET"]}}],"collection":[{"href":"https:\/\/gardalaser.it\/de\/wp-json\/wp\/v2\/product"}],"about":[{"href":"https:\/\/gardalaser.it\/de\/wp-json\/wp\/v2\/types\/product"}],"wp:featuredmedia":[{"embeddable":true,"href":"https:\/\/gardalaser.it\/de\/wp-json\/wp\/v2\/media\/1781"}],"wp:attachment":[{"href":"https:\/\/gardalaser.it\/de\/wp-json\/wp\/v2\/media?parent=4063"}],"wp:term":[{"taxonomy":"product_brand","embeddable":true,"href":"https:\/\/gardalaser.it\/de\/wp-json\/wp\/v2\/product_brand?post=4063"},{"taxonomy":"product_cat","embeddable":true,"href":"https:\/\/gardalaser.it\/de\/wp-json\/wp\/v2\/product_cat?post=4063"},{"taxonomy":"product_tag","embeddable":true,"href":"https:\/\/gardalaser.it\/de\/wp-json\/wp\/v2\/product_tag?post=4063"}],"curies":[{"name":"wp","href":"https:\/\/api.w.org\/{rel}","templated":true}]}}